{"id":1004,"date":"2023-09-16T17:21:15","date_gmt":"2023-09-16T17:21:15","guid":{"rendered":"https:\/\/nordiclex.com\/?page_id=1004"},"modified":"2023-09-18T10:09:30","modified_gmt":"2023-09-18T07:09:30","slug":"company-registration","status":"publish","type":"page","link":"https:\/\/nordiclex.com\/fi\/company-registration\/","title":{"rendered":"Yrityksen perustaminen"},"content":{"rendered":"<div data-elementor-type=\"wp-page\" data-elementor-id=\"1004\" class=\"elementor elementor-1004\">\n\t\t\t\t\t\t<section class=\"elementor-section elementor-top-section elementor-element elementor-element-69c0eeff elementor-section-height-min-height elementor-section-boxed elementor-section-height-default elementor-section-items-middle\" data-id=\"69c0eeff\" data-element_type=\"section\" data-settings=\"{&quot;background_background&quot;:&quot;classic&quot;}\">\n\t\t\t\t\t\t\t<div class=\"elementor-background-overlay\"><\/div>\n\t\t\t\t\t\t\t<div class=\"elementor-container elementor-column-gap-no\">\n\t\t\t\t\t<div class=\"elementor-column elementor-col-100 elementor-top-column elementor-element elementor-element-2d113bc7\" data-id=\"2d113bc7\" data-element_type=\"column\">\n\t\t\t<div class=\"elementor-widget-wrap elementor-element-populated\">\n\t\t\t\t\t\t<div class=\"elementor-element elementor-element-5a373341 elementor-widget-divider--view-line elementor-widget elementor-widget-divider\" data-id=\"5a373341\" data-element_type=\"widget\" data-widget_type=\"divider.default\">\n\t\t\t\t<div class=\"elementor-widget-container\">\n\t\t\t\t\t\t\t<div class=\"elementor-divider\">\n\t\t\t<span class=\"elementor-divider-separator\">\n\t\t\t\t\t\t<\/span>\n\t\t<\/div>\n\t\t\t\t\t\t<\/div>\n\t\t\t\t<\/div>\n\t\t\t\t<div class=\"elementor-element elementor-element-5f310cf7 elementor-widget elementor-widget-heading\" data-id=\"5f310cf7\" data-element_type=\"widget\" data-widget_type=\"heading.default\">\n\t\t\t\t<div class=\"elementor-widget-container\">\n\t\t\t\t\t<h1 class=\"elementor-heading-title elementor-size-default\">Yrityksen perustaminen <\/h1>\t\t\t\t<\/div>\n\t\t\t\t<\/div>\n\t\t\t\t\t<\/div>\n\t\t<\/div>\n\t\t\t\t\t<\/div>\n\t\t<\/section>\n\t\t\t\t<section class=\"elementor-section elementor-top-section elementor-element elementor-element-1192fe08 elementor-section-boxed elementor-section-height-default elementor-section-height-default\" data-id=\"1192fe08\" data-element_type=\"section\" data-settings=\"{&quot;background_background&quot;:&quot;classic&quot;}\">\n\t\t\t\t\t\t<div class=\"elementor-container elementor-column-gap-no\">\n\t\t\t\t\t<div class=\"elementor-column elementor-col-100 elementor-top-column elementor-element elementor-element-62e5515b\" data-id=\"62e5515b\" data-element_type=\"column\">\n\t\t\t<div class=\"elementor-widget-wrap elementor-element-populated\">\n\t\t\t\t\t\t<div class=\"elementor-element elementor-element-187d7fb1 elementor-widget-divider--view-line elementor-widget elementor-widget-divider\" data-id=\"187d7fb1\" data-element_type=\"widget\" data-widget_type=\"divider.default\">\n\t\t\t\t<div class=\"elementor-widget-container\">\n\t\t\t\t\t\t\t<div class=\"elementor-divider\">\n\t\t\t<span class=\"elementor-divider-separator\">\n\t\t\t\t\t\t<\/span>\n\t\t<\/div>\n\t\t\t\t\t\t<\/div>\n\t\t\t\t<\/div>\n\t\t\t\t<div class=\"elementor-element elementor-element-5466aa2a elementor-widget elementor-widget-heading\" data-id=\"5466aa2a\" data-element_type=\"widget\" data-widget_type=\"heading.default\">\n\t\t\t\t<div class=\"elementor-widget-container\">\n\t\t\t\t\t<h2 class=\"elementor-heading-title elementor-size-default\">Yrityksen perustaminen <\/h2>\t\t\t\t<\/div>\n\t\t\t\t<\/div>\n\t\t\t\t<div class=\"elementor-element elementor-element-6b39f1ff elementor-widget elementor-widget-text-editor\" data-id=\"6b39f1ff\" data-element_type=\"widget\" data-widget_type=\"text-editor.default\">\n\t\t\t\t<div class=\"elementor-widget-container\">\n\t\t\t\t\t\t\t\t\t<p>Nordiclex auttaa ja neuvoo yrityksi\u00e4 asettautumaan Pohjoismaihin perustamalla uusi toiminimi\u00e4 ja toimimalla paikallisen lains\u00e4\u00e4d\u00e4nn\u00f6n ja hyv\u00e4n hallintotavan mukaisesti, erityisesti Suomessa.<\/p><p>Suomi on ainoa Pohjoismaa Euroopan unionissa, jonka valuuttana on euro. Yritysten veroaste on alhainen 20 %, mink\u00e4 vuoksi Suomi houkuttelee ulkomaisia yrityksi\u00e4.<\/p>\t\t\t\t\t\t\t\t<\/div>\n\t\t\t\t<\/div>\n\t\t\t\t<div class=\"elementor-element elementor-element-c20befa elementor-widget elementor-widget-text-editor\" data-id=\"c20befa\" data-element_type=\"widget\" data-widget_type=\"text-editor.default\">\n\t\t\t\t<div class=\"elementor-widget-container\">\n\t\t\t\t\t\t\t\t\t<p>Kun yritys perustetaan Suomeen, valitaan yrityksen toimiala, muoto, nimi ja vaihtoehtoinen nimi, mik\u00e4li ensimm\u00e4inen nimiehdotus ei ole mahdollinen, sek\u00e4 m\u00e4\u00e4ritet\u00e4\u00e4n yrityksen kunta.\n\nLis\u00e4ksi perustajien lukum\u00e4\u00e4r\u00e4, p\u00e4\u00e4oman m\u00e4\u00e4r\u00e4, vastuunjako ja p\u00e4\u00e4t\u00f6ksenteko, rahoitus ja verotus ovat tekij\u00f6it\u00e4, jotka vaikuttavat yrityksen muodon valintaan.<\/p>\t\t\t\t\t\t\t\t<\/div>\n\t\t\t\t<\/div>\n\t\t\t\t<div class=\"elementor-element elementor-element-2d761f8 elementor-widget elementor-widget-text-editor\" data-id=\"2d761f8\" data-element_type=\"widget\" data-widget_type=\"text-editor.default\">\n\t\t\t\t<div class=\"elementor-widget-container\">\n\t\t\t\t\t\t\t\t\t<p>Tyypillinen suosittu yritysmuoto on osakeyhti\u00f6 (OY). T\u00e4ss\u00e4 vaaditaan ainakin yht\u00e4 osakkeenomistajaa ja 1\u20135 varsinaista j\u00e4sent\u00e4 hallituksessa. P\u00e4\u00e4omaa ei tarvita.<\/p><p>Ainakin yksi osakkeenomistaja, yksi varsinaisen j\u00e4sen ja yksi varaj\u00e4sen hallituksessa. Yhdell\u00e4 hallituksen j\u00e4senist\u00e4 on oltava ETA-maan kansalaisuus, sek\u00e4 osoite ETA-maassa.<br \/>Yrityksen rekister\u00f6inti voi kest\u00e4\u00e4 1\u20132 viikkoa siit\u00e4 hetkest\u00e4, kun kaikki oikeudelliset asiakirjat ovat toimitettu kaupparekisteriin (PRH)<\/p>\t\t\t\t\t\t\t\t<\/div>\n\t\t\t\t<\/div>\n\t\t\t\t\t<\/div>\n\t\t<\/div>\n\t\t\t\t\t<\/div>\n\t\t<\/section>\n\t\t\t\t<\/div>","protected":false},"excerpt":{"rendered":"<p>Company Registration Company Registration Nordiclex helps companies to enter the Nordics by establishing new businesses and complying with local laws and corporate governance, especially in Finland. Finland is the only Nordic country in the European Union that has adopted the Euro currency. The low tax rate on the corporates is 20% which is why it [&hellip;]<\/p>","protected":false},"author":1,"featured_media":0,"parent":0,"menu_order":0,"comment_status":"closed","ping_status":"closed","template":"","meta":{"site-sidebar-layout":"default","site-content-layout":"page-builder","ast-site-content-layout":"full-width-container","site-content-style":"unboxed","site-sidebar-style":"unboxed","ast-global-header-display":"","ast-banner-title-visibility":"","ast-main-header-display":"","ast-hfb-above-header-display":"","ast-hfb-below-header-display":"","ast-hfb-mobile-header-display":"","site-post-title":"disabled","ast-breadcrumbs-content":"disabled","ast-featured-img":"disabled","footer-sml-layout":"","theme-transparent-header-meta":"enabled","adv-header-id-meta":"","stick-header-meta":"","header-above-stick-meta":"","header-main-stick-meta":"","header-below-stick-meta":"","astra-migrate-meta-layouts":"set","ast-page-background-enabled":"default","ast-page-background-meta":{"desktop":{"background-color":"","background-image":"","background-repeat":"repeat","background-position":"center center","background-size":"auto","background-attachment":"scroll","background-type":"","background-media":"","overlay-type":"","overlay-color":"","overlay-opacity":"","overlay-gradient":""},"tablet":{"background-color":"","background-image":"","background-repeat":"repeat","background-position":"center center","background-size":"auto","background-attachment":"scroll","background-type":"","background-media":"","overlay-type":"","overlay-color":"","overlay-opacity":"","overlay-gradient":""},"mobile":{"background-color":"","background-image":"","background-repeat":"repeat","background-position":"center center","background-size":"auto","background-attachment":"scroll","background-type":"","background-media":"","overlay-type":"","overlay-color":"","overlay-opacity":"","overlay-gradient":""}},"ast-content-background-meta":{"desktop":{"background-color":"var(--ast-global-color-5)","background-image":"","background-repeat":"repeat","background-position":"center center","background-size":"auto","background-attachment":"scroll","background-type":"","background-media":"","overlay-type":"","overlay-color":"","overlay-opacity":"","overlay-gradient":""},"tablet":{"background-color":"var(--ast-global-color-5)","background-image":"","background-repeat":"repeat","background-position":"center center","background-size":"auto","background-attachment":"scroll","background-type":"","background-media":"","overlay-type":"","overlay-color":"","overlay-opacity":"","overlay-gradient":""},"mobile":{"background-color":"var(--ast-global-color-5)","background-image":"","background-repeat":"repeat","background-position":"center center","background-size":"auto","background-attachment":"scroll","background-type":"","background-media":"","overlay-type":"","overlay-color":"","overlay-opacity":"","overlay-gradient":""}},"footnotes":""},"class_list":["post-1004","page","type-page","status-publish","hentry"],"_links":{"self":[{"href":"https:\/\/nordiclex.com\/fi\/wp-json\/wp\/v2\/pages\/1004","targetHints":{"allow":["GET"]}}],"collection":[{"href":"https:\/\/nordiclex.com\/fi\/wp-json\/wp\/v2\/pages"}],"about":[{"href":"https:\/\/nordiclex.com\/fi\/wp-json\/wp\/v2\/types\/page"}],"author":[{"embeddable":true,"href":"https:\/\/nordiclex.com\/fi\/wp-json\/wp\/v2\/users\/1"}],"replies":[{"embeddable":true,"href":"https:\/\/nordiclex.com\/fi\/wp-json\/wp\/v2\/comments?post=1004"}],"version-history":[{"count":23,"href":"https:\/\/nordiclex.com\/fi\/wp-json\/wp\/v2\/pages\/1004\/revisions"}],"predecessor-version":[{"id":1137,"href":"https:\/\/nordiclex.com\/fi\/wp-json\/wp\/v2\/pages\/1004\/revisions\/1137"}],"wp:attachment":[{"href":"https:\/\/nordiclex.com\/fi\/wp-json\/wp\/v2\/media?parent=1004"}],"curies":[{"name":"wp","href":"https:\/\/api.w.org\/{rel}","templated":true}]}}