{"id":1009,"date":"2023-09-16T17:30:04","date_gmt":"2023-09-16T14:30:04","guid":{"rendered":"https:\/\/nordiclex.com\/?page_id=1009"},"modified":"2025-02-24T23:26:13","modified_gmt":"2025-02-24T21:26:13","slug":"our-mission","status":"publish","type":"page","link":"https:\/\/nordiclex.com\/fi\/our-mission\/","title":{"rendered":"Missiomme"},"content":{"rendered":"<div data-elementor-type=\"wp-page\" data-elementor-id=\"1009\" class=\"elementor elementor-1009\">\n\t\t\t\t\t\t<section class=\"elementor-section elementor-top-section elementor-element elementor-element-129305a0 elementor-section-height-min-height elementor-section-boxed elementor-section-height-default elementor-section-items-middle\" data-id=\"129305a0\" data-element_type=\"section\" data-settings=\"{&quot;background_background&quot;:&quot;classic&quot;}\">\n\t\t\t\t\t\t\t<div class=\"elementor-background-overlay\"><\/div>\n\t\t\t\t\t\t\t<div class=\"elementor-container elementor-column-gap-no\">\n\t\t\t\t\t<div class=\"elementor-column elementor-col-100 elementor-top-column elementor-element elementor-element-157ab7fb\" data-id=\"157ab7fb\" data-element_type=\"column\">\n\t\t\t<div class=\"elementor-widget-wrap elementor-element-populated\">\n\t\t\t\t\t\t<div class=\"elementor-element elementor-element-5b0f6e2b elementor-widget-divider--view-line elementor-widget elementor-widget-divider\" data-id=\"5b0f6e2b\" data-element_type=\"widget\" data-widget_type=\"divider.default\">\n\t\t\t\t<div class=\"elementor-widget-container\">\n\t\t\t\t\t\t\t<div class=\"elementor-divider\">\n\t\t\t<span class=\"elementor-divider-separator\">\n\t\t\t\t\t\t<\/span>\n\t\t<\/div>\n\t\t\t\t\t\t<\/div>\n\t\t\t\t<\/div>\n\t\t\t\t<div class=\"elementor-element elementor-element-7d011a76 elementor-widget elementor-widget-heading\" data-id=\"7d011a76\" data-element_type=\"widget\" data-widget_type=\"heading.default\">\n\t\t\t\t<div class=\"elementor-widget-container\">\n\t\t\t\t\t<h1 class=\"elementor-heading-title elementor-size-default\">Missiomme<\/h1>\t\t\t\t<\/div>\n\t\t\t\t<\/div>\n\t\t\t\t\t<\/div>\n\t\t<\/div>\n\t\t\t\t\t<\/div>\n\t\t<\/section>\n\t\t\t\t<section class=\"elementor-section elementor-top-section elementor-element elementor-element-5946eae2 elementor-section-boxed elementor-section-height-default elementor-section-height-default\" data-id=\"5946eae2\" data-element_type=\"section\" data-settings=\"{&quot;background_background&quot;:&quot;classic&quot;}\">\n\t\t\t\t\t\t<div class=\"elementor-container elementor-column-gap-no\">\n\t\t\t\t\t<div class=\"elementor-column elementor-col-100 elementor-top-column elementor-element elementor-element-7acc86fd\" data-id=\"7acc86fd\" data-element_type=\"column\">\n\t\t\t<div class=\"elementor-widget-wrap elementor-element-populated\">\n\t\t\t\t\t\t<div class=\"elementor-element elementor-element-28d021 elementor-widget-divider--view-line elementor-widget elementor-widget-divider\" data-id=\"28d021\" data-element_type=\"widget\" data-widget_type=\"divider.default\">\n\t\t\t\t<div class=\"elementor-widget-container\">\n\t\t\t\t\t\t\t<div class=\"elementor-divider\">\n\t\t\t<span class=\"elementor-divider-separator\">\n\t\t\t\t\t\t<\/span>\n\t\t<\/div>\n\t\t\t\t\t\t<\/div>\n\t\t\t\t<\/div>\n\t\t\t\t<div class=\"elementor-element elementor-element-e7d306d elementor-widget elementor-widget-heading\" data-id=\"e7d306d\" data-element_type=\"widget\" data-widget_type=\"heading.default\">\n\t\t\t\t<div class=\"elementor-widget-container\">\n\t\t\t\t\t<h2 class=\"elementor-heading-title elementor-size-default\">Missiomme<\/h2>\t\t\t\t<\/div>\n\t\t\t\t<\/div>\n\t\t\t\t<div class=\"elementor-element elementor-element-190f3144 elementor-widget elementor-widget-text-editor\" data-id=\"190f3144\" data-element_type=\"widget\" data-widget_type=\"text-editor.default\">\n\t\t\t\t<div class=\"elementor-widget-container\">\n\t\t\t\t\t\t\t\t\t<p>Tavoitteenamme on edist\u00e4\u00e4 perus- ja ihmisoikeuksien toteutumista sek\u00e4 taata kaikille mahdollisuus oikeusapuun kansalaisuuteen, sosiaaliseen statukseen tai sukupuoleen katsomatta. Ty\u00f6t\u00e4mme ohjaavat fundamentaaliset arvot, joihin kuuluvat tasa-arvo, oikeudenmukaisuus, inhimillisyys ja solidaarisuus. Erityisesti tavoite taata p\u00e4\u00e4sy oikeuspalveluiden pariin on ty\u00f6llist\u00e4nyt meit\u00e4 viime vuodet. Suomen oikeusj\u00e4rjestelm\u00e4n muutoksien johdosta yhteiskunnan tarjoama oikeusapu on v\u00e4hentynyt, mist\u00e4 syyst\u00e4 olemme tarjonneet suurimmassa h\u00e4d\u00e4ss\u00e4 olleille asiakkaillemme maksutonta oikeusapua. N\u00e4m\u00e4 arvot ovat elint\u00e4rkeit\u00e4 kasvavassa yhteiskunnassa. Teemme mielell\u00e4mme yhteisty\u00f6t\u00e4 tahojen kanssa, jotka haluavat toteuttaa samoja arvoja.<\/p>\t\t\t\t\t\t\t\t<\/div>\n\t\t\t\t<\/div>\n\t\t\t\t<section class=\"elementor-section elementor-inner-section elementor-element elementor-element-379bec00 elementor-section-boxed elementor-section-height-default elementor-section-height-default\" data-id=\"379bec00\" data-element_type=\"section\">\n\t\t\t\t\t\t<div class=\"elementor-container elementor-column-gap-no\">\n\t\t\t\t\t<div class=\"elementor-column elementor-col-33 elementor-inner-column elementor-element elementor-element-d10c2bd\" data-id=\"d10c2bd\" data-element_type=\"column\" data-settings=\"{&quot;background_background&quot;:&quot;classic&quot;}\">\n\t\t\t<div class=\"elementor-widget-wrap elementor-element-populated\">\n\t\t\t\t\t\t<div class=\"elementor-element elementor-element-18bae809 elementor-view-default elementor-position-top elementor-mobile-position-top elementor-widget elementor-widget-icon-box\" data-id=\"18bae809\" data-element_type=\"widget\" data-widget_type=\"icon-box.default\">\n\t\t\t\t<div class=\"elementor-widget-container\">\n\t\t\t\t\t\t\t<div class=\"elementor-icon-box-wrapper\">\n\n\t\t\t\t\t\t<div class=\"elementor-icon-box-icon\">\n\t\t\t\t<span  class=\"elementor-icon\">\n\t\t\t\t<i aria-hidden=\"true\" class=\"fas fa-graduation-cap\"><\/i>\t\t\t\t<\/span>\n\t\t\t<\/div>\n\t\t\t\n\t\t\t\t\t\t<div class=\"elementor-icon-box-content\">\n\n\t\t\t\t\t\t\t\t\t<h4 class=\"elementor-icon-box-title\">\n\t\t\t\t\t\t<span  >\n\t\t\t\t\t\t\tAmmattitaito\t\t\t\t\t\t<\/span>\n\t\t\t\t\t<\/h4>\n\t\t\t\t\n\t\t\t\t\t\t\t\t\t<p class=\"elementor-icon-box-description\">\n\t\t\t\t\t\tKun valitset Nordiclexin, valitset ammattitaidon. Asianajajamme tarjoavat kattavaa ja osaavaa oikeudellista apua odottamattomiin ja monimutkaisiin juridisiin ongelmiin. P\u00e4tev\u00e4 tiimimme arvioi tilanteenne ja luo asianmukaisen toimintasuunnitelman nopeasti ja kustannustehokkaasti.\t\t\t\t\t<\/p>\n\t\t\t\t\n\t\t\t<\/div>\n\t\t\t\n\t\t<\/div>\n\t\t\t\t\t\t<\/div>\n\t\t\t\t<\/div>\n\t\t\t\t\t<\/div>\n\t\t<\/div>\n\t\t\t\t<div class=\"elementor-column elementor-col-33 elementor-inner-column elementor-element elementor-element-3d60cff5\" data-id=\"3d60cff5\" data-element_type=\"column\" data-settings=\"{&quot;background_background&quot;:&quot;classic&quot;}\">\n\t\t\t<div class=\"elementor-widget-wrap elementor-element-populated\">\n\t\t\t\t\t\t<div class=\"elementor-element elementor-element-43ad3834 elementor-view-default elementor-position-top elementor-mobile-position-top elementor-widget elementor-widget-icon-box\" data-id=\"43ad3834\" data-element_type=\"widget\" data-widget_type=\"icon-box.default\">\n\t\t\t\t<div class=\"elementor-widget-container\">\n\t\t\t\t\t\t\t<div class=\"elementor-icon-box-wrapper\">\n\n\t\t\t\t\t\t<div class=\"elementor-icon-box-icon\">\n\t\t\t\t<span  class=\"elementor-icon\">\n\t\t\t\t<i aria-hidden=\"true\" class=\"fas fa-thumbs-up\"><\/i>\t\t\t\t<\/span>\n\t\t\t<\/div>\n\t\t\t\n\t\t\t\t\t\t<div class=\"elementor-icon-box-content\">\n\n\t\t\t\t\t\t\t\t\t<h4 class=\"elementor-icon-box-title\">\n\t\t\t\t\t\t<span  >\n\t\t\t\t\t\t\tHyv\u00e4 tuki\t\t\t\t\t\t<\/span>\n\t\t\t\t\t<\/h4>\n\t\t\t\t\n\t\t\t\t\t\t\t\t\t<p class=\"elementor-icon-box-description\">\n\t\t\t\t\t\tLuotettava liikekumppani on yksi t\u00e4rkeimmist\u00e4 tekij\u00f6ist\u00e4, kun haluat siirty\u00e4 tai laajentaa toimintaasi Pohjoismaihin. Nordiclex auttaa sinua t\u00e4m\u00e4n monimutkaisen prosessin jokaisessa vaiheessa.\t\t\t\t\t<\/p>\n\t\t\t\t\n\t\t\t<\/div>\n\t\t\t\n\t\t<\/div>\n\t\t\t\t\t\t<\/div>\n\t\t\t\t<\/div>\n\t\t\t\t\t<\/div>\n\t\t<\/div>\n\t\t\t\t<div class=\"elementor-column elementor-col-33 elementor-inner-column elementor-element elementor-element-05e4056\" data-id=\"05e4056\" data-element_type=\"column\" data-settings=\"{&quot;background_background&quot;:&quot;classic&quot;}\">\n\t\t\t<div class=\"elementor-widget-wrap elementor-element-populated\">\n\t\t\t\t\t\t<div class=\"elementor-element elementor-element-d77f512 elementor-view-default elementor-position-top elementor-mobile-position-top elementor-widget elementor-widget-icon-box\" data-id=\"d77f512\" data-element_type=\"widget\" data-widget_type=\"icon-box.default\">\n\t\t\t\t<div class=\"elementor-widget-container\">\n\t\t\t\t\t\t\t<div class=\"elementor-icon-box-wrapper\">\n\n\t\t\t\t\t\t<div class=\"elementor-icon-box-icon\">\n\t\t\t\t<span  class=\"elementor-icon\">\n\t\t\t\t<i aria-hidden=\"true\" class=\"fas fa-street-view\"><\/i>\t\t\t\t<\/span>\n\t\t\t<\/div>\n\t\t\t\n\t\t\t\t\t\t<div class=\"elementor-icon-box-content\">\n\n\t\t\t\t\t\t\t\t\t<h4 class=\"elementor-icon-box-title\">\n\t\t\t\t\t\t<span  >\n\t\t\t\t\t\t\tDynaaminen, energinen ja aikaansaava\t\t\t\t\t\t<\/span>\n\t\t\t\t\t<\/h4>\n\t\t\t\t\n\t\t\t\t\t\t\t\t\t<p class=\"elementor-icon-box-description\">\n\t\t\t\t\t\tAsiakkaamme arvostavat monipuolista asiantuntemustamme eri lainopillisilta aloilta. Kokemuksemme ansiosta tarjoamme nopeaa palvelua, tunnistaen ja ymm\u00e4rt\u00e4en asiakkaamme ongelman.\t\t\t\t\t<\/p>\n\t\t\t\t\n\t\t\t<\/div>\n\t\t\t\n\t\t<\/div>\n\t\t\t\t\t\t<\/div>\n\t\t\t\t<\/div>\n\t\t\t\t\t<\/div>\n\t\t<\/div>\n\t\t\t\t\t<\/div>\n\t\t<\/section>\n\t\t\t\t\t<\/div>\n\t\t<\/div>\n\t\t\t\t\t<\/div>\n\t\t<\/section>\n\t\t<div class=\"elementor-element elementor-element-70a4001 e-flex e-con-boxed e-con e-parent\" data-id=\"70a4001\" data-element_type=\"container\">\n\t\t\t\t\t<div class=\"e-con-inner\">\n\t\t\t\t<div class=\"elementor-element elementor-element-69cba39 elementor-widget elementor-widget-heading\" data-id=\"69cba39\" data-element_type=\"widget\" data-widget_type=\"heading.default\">\n\t\t\t\t<div class=\"elementor-widget-container\">\n\t\t\t\t\t<h2 class=\"elementor-heading-title elementor-size-default\">Tiimimme<\/h2>\t\t\t\t<\/div>\n\t\t\t\t<\/div>\n\t\t\t\t<div class=\"elementor-element elementor-element-58a3488 elementor-widget-divider--view-line elementor-widget elementor-widget-divider\" data-id=\"58a3488\" data-element_type=\"widget\" data-widget_type=\"divider.default\">\n\t\t\t\t<div class=\"elementor-widget-container\">\n\t\t\t\t\t\t\t<div class=\"elementor-divider\">\n\t\t\t<span class=\"elementor-divider-separator\">\n\t\t\t\t\t\t<\/span>\n\t\t<\/div>\n\t\t\t\t\t\t<\/div>\n\t\t\t\t<\/div>\n\t\t\t\t\t<\/div>\n\t\t\t\t<\/div>\n\t\t\t\t<section class=\"elementor-section elementor-top-section elementor-element elementor-element-644b7463 elementor-section-content-middle elementor-section-boxed elementor-section-height-default elementor-section-height-default\" data-id=\"644b7463\" data-element_type=\"section\">\n\t\t\t\t\t\t<div class=\"elementor-container elementor-column-gap-no\">\n\t\t\t\t\t<div class=\"elementor-column elementor-col-50 elementor-top-column elementor-element elementor-element-1c9ddd9b\" data-id=\"1c9ddd9b\" data-element_type=\"column\">\n\t\t\t<div class=\"elementor-widget-wrap elementor-element-populated\">\n\t\t\t\t\t\t<div class=\"elementor-element elementor-element-49e47b2a elementor-widget-divider--view-line elementor-widget elementor-widget-divider\" data-id=\"49e47b2a\" data-element_type=\"widget\" data-widget_type=\"divider.default\">\n\t\t\t\t<div class=\"elementor-widget-container\">\n\t\t\t\t\t\t\t<div class=\"elementor-divider\">\n\t\t\t<span class=\"elementor-divider-separator\">\n\t\t\t\t\t\t<\/span>\n\t\t<\/div>\n\t\t\t\t\t\t<\/div>\n\t\t\t\t<\/div>\n\t\t\t\t<div class=\"elementor-element elementor-element-742e4904 elementor-widget elementor-widget-heading\" data-id=\"742e4904\" data-element_type=\"widget\" data-widget_type=\"heading.default\">\n\t\t\t\t<div class=\"elementor-widget-container\">\n\t\t\t\t\t<h2 class=\"elementor-heading-title elementor-size-default\">Mir Jatoi<\/h2>\t\t\t\t<\/div>\n\t\t\t\t<\/div>\n\t\t\t\t<div class=\"elementor-element elementor-element-67917158 elementor-widget elementor-widget-text-editor\" data-id=\"67917158\" data-element_type=\"widget\" data-widget_type=\"text-editor.default\">\n\t\t\t\t<div class=\"elementor-widget-container\">\n\t\t\t\t\t\t\t\t\t<p>Mir on Nordiclexin perustaja.<\/p><p>H\u00e4n on suorittanut Master of Laws LL.M -tutkinnon erikoistuen kansainv\u00e4liseen julkisoikeuteen ja ihmisoikeuksiin. H\u00e4nell\u00e4 on laaja tuntemus kansainv\u00e4lisest\u00e4, eurooppalaisesta ja suomalaisesta lains\u00e4\u00e4d\u00e4nn\u00f6st\u00e4 sek\u00e4 ty\u00f6kokemusta suomalaisista lakiasiantoimistoista. T\u00e4m\u00e4n lis\u00e4ksi h\u00e4nell\u00e4 on yritysjohdollista taustaa. H\u00e4n tarjoaa oikeudenopillista neuvontaa pienille ja keskisuurille yrityksille sek\u00e4 yksityishenkil\u00f6ille.<\/p><p>Mir puhuu suomea, englantia, hindi\u00e4 ja urdua.<\/p>\t\t\t\t\t\t\t\t<\/div>\n\t\t\t\t<\/div>\n\t\t\t\t\t<\/div>\n\t\t<\/div>\n\t\t\t\t<div class=\"elementor-column elementor-col-50 elementor-top-column elementor-element elementor-element-6bbcc9a1\" data-id=\"6bbcc9a1\" data-element_type=\"column\">\n\t\t\t<div class=\"elementor-widget-wrap elementor-element-populated\">\n\t\t\t\t\t\t<div class=\"elementor-element elementor-element-17b25e2c elementor-widget__width-initial elementor-widget elementor-widget-image\" data-id=\"17b25e2c\" data-element_type=\"widget\" data-widget_type=\"image.default\">\n\t\t\t\t<div class=\"elementor-widget-container\">\n\t\t\t\t\t\t\t\t\t\t\t\t<figure class=\"wp-caption\">\n\t\t\t\t\t\t\t\t\t\t<img fetchpriority=\"high\" decoding=\"async\" width=\"683\" height=\"916\" src=\"https:\/\/nordiclex.com\/wp-content\/uploads\/2023\/09\/mir-z_bw.jpeg\" class=\"attachment-full size-full wp-image-1190\" alt=\"\" srcset=\"https:\/\/nordiclex.com\/wp-content\/uploads\/2023\/09\/mir-z_bw.jpeg 683w, https:\/\/nordiclex.com\/wp-content\/uploads\/2023\/09\/mir-z_bw-224x300.jpeg 224w\" sizes=\"(max-width: 683px) 100vw, 683px\" \/>\t\t\t\t\t\t\t\t\t\t\t<figcaption class=\"widget-image-caption wp-caption-text\">Mir Jatoi<\/figcaption>\n\t\t\t\t\t\t\t\t\t\t<\/figure>\n\t\t\t\t\t\t\t\t\t<\/div>\n\t\t\t\t<\/div>\n\t\t\t\t\t<\/div>\n\t\t<\/div>\n\t\t\t\t\t<\/div>\n\t\t<\/section>\n\t\t\t\t<section class=\"elementor-section elementor-top-section elementor-element elementor-element-d3c26bb elementor-section-content-middle elementor-section-boxed elementor-section-height-default elementor-section-height-default\" data-id=\"d3c26bb\" data-element_type=\"section\">\n\t\t\t\t\t\t<div class=\"elementor-container elementor-column-gap-no\">\n\t\t\t\t\t<div class=\"elementor-column elementor-col-50 elementor-top-column elementor-element elementor-element-397307f\" data-id=\"397307f\" data-element_type=\"column\">\n\t\t\t<div class=\"elementor-widget-wrap elementor-element-populated\">\n\t\t\t\t\t\t<div class=\"elementor-element elementor-element-fc35402 elementor-widget-divider--view-line elementor-widget elementor-widget-divider\" data-id=\"fc35402\" data-element_type=\"widget\" data-widget_type=\"divider.default\">\n\t\t\t\t<div class=\"elementor-widget-container\">\n\t\t\t\t\t\t\t<div class=\"elementor-divider\">\n\t\t\t<span class=\"elementor-divider-separator\">\n\t\t\t\t\t\t<\/span>\n\t\t<\/div>\n\t\t\t\t\t\t<\/div>\n\t\t\t\t<\/div>\n\t\t\t\t<div class=\"elementor-element elementor-element-44c6c50 elementor-widget elementor-widget-heading\" data-id=\"44c6c50\" data-element_type=\"widget\" data-widget_type=\"heading.default\">\n\t\t\t\t<div class=\"elementor-widget-container\">\n\t\t\t\t\t<h2 class=\"elementor-heading-title elementor-size-default\">Arturs Savdins<\/h2>\t\t\t\t<\/div>\n\t\t\t\t<\/div>\n\t\t\t\t<div class=\"elementor-element elementor-element-2965292 elementor-widget elementor-widget-text-editor\" data-id=\"2965292\" data-element_type=\"widget\" data-widget_type=\"text-editor.default\">\n\t\t\t\t<div class=\"elementor-widget-container\">\n\t\t\t\t\t\t\t\t\t<p>Arturs on IT-lakimies<br \/>H\u00e4n on suorittanut Oikeustieteen maisterin tutkinnon erikoistuen kansainv\u00e4liseen ja Eurooppaoikeuteen, lis\u00e4ksi h\u00e4nell\u00e4 on p\u00e4tevyys toimia asianajajana.<br \/>Artur on tehnyt ansioituneen ja merkitt\u00e4v\u00e4n uran erityisesti IT- ja IP-oikeuden parissa. H\u00e4nen laajaan ja erityiseen osaamiseensa kuuluvat yhti\u00f6oikeus, sek\u00e4 yksityisyys ja tietosuoja-asetukset. T\u00e4m\u00e4n lis\u00e4ksi Arturs on arvostettu taitavista projektinhallintataidoistaan. H\u00e4nen IT- ja IP-asiantuntemuksensa yhdistettyn\u00e4 h\u00e4nen juridiseen osaamiseensa asettavat h\u00e4net ainutlaatuiseen asemaan teknologian ja oikeuden risteyksess\u00e4. T\u00e4m\u00e4n monitieteisen asiantuntemuksen johdosta Arturilla on mahdollisuus tarjota kokonaisvaltaisia ratkaisuja, varmistaen, ett\u00e4 teknologia-aloitteet, sek\u00e4 oikeudelliset puitteet integroituvat saumattomasti.<\/p><p>H\u00e4nen konsultoiva l\u00e4hestymistapansa on ollut korvaamatonta organisaatioille, jotka navigoivat nykyaikaisen digitaalisen maailman monimutkaisessa ymp\u00e4rist\u00f6ss\u00e4, t\u00e4m\u00e4 on my\u00f6s tehnyt h\u00e4nest\u00e4 eritt\u00e4in halutun asiantuntijan h\u00e4nen osaamisalueellaan.<\/p>\t\t\t\t\t\t\t\t<\/div>\n\t\t\t\t<\/div>\n\t\t\t\t\t<\/div>\n\t\t<\/div>\n\t\t\t\t<div class=\"elementor-column elementor-col-50 elementor-top-column elementor-element elementor-element-e540d11\" data-id=\"e540d11\" data-element_type=\"column\">\n\t\t\t<div class=\"elementor-widget-wrap elementor-element-populated\">\n\t\t\t\t\t\t<div class=\"elementor-element elementor-element-38c9b9e elementor-widget__width-initial elementor-widget elementor-widget-image\" data-id=\"38c9b9e\" data-element_type=\"widget\" data-widget_type=\"image.default\">\n\t\t\t\t<div class=\"elementor-widget-container\">\n\t\t\t\t\t\t\t\t\t\t\t\t<figure class=\"wp-caption\">\n\t\t\t\t\t\t\t\t\t\t<img decoding=\"async\" width=\"683\" height=\"899\" src=\"https:\/\/nordiclex.com\/wp-content\/uploads\/2023\/09\/art-z_bw.jpeg\" class=\"attachment-full size-full wp-image-1191\" alt=\"\" srcset=\"https:\/\/nordiclex.com\/wp-content\/uploads\/2023\/09\/art-z_bw.jpeg 683w, https:\/\/nordiclex.com\/wp-content\/uploads\/2023\/09\/art-z_bw-228x300.jpeg 228w\" sizes=\"(max-width: 683px) 100vw, 683px\" \/>\t\t\t\t\t\t\t\t\t\t\t<figcaption class=\"widget-image-caption wp-caption-text\">Arturs Savdins<\/figcaption>\n\t\t\t\t\t\t\t\t\t\t<\/figure>\n\t\t\t\t\t\t\t\t\t<\/div>\n\t\t\t\t<\/div>\n\t\t\t\t\t<\/div>\n\t\t<\/div>\n\t\t\t\t\t<\/div>\n\t\t<\/section>\n\t\t\t\t<section class=\"elementor-section elementor-top-section elementor-element elementor-element-09d6b8c elementor-section-content-middle elementor-section-boxed elementor-section-height-default elementor-section-height-default\" data-id=\"09d6b8c\" data-element_type=\"section\">\n\t\t\t\t\t\t<div class=\"elementor-container elementor-column-gap-no\">\n\t\t\t\t\t<div class=\"elementor-column elementor-col-50 elementor-top-column elementor-element elementor-element-f502255\" data-id=\"f502255\" data-element_type=\"column\">\n\t\t\t<div class=\"elementor-widget-wrap elementor-element-populated\">\n\t\t\t\t\t\t<div class=\"elementor-element elementor-element-222f2fb elementor-widget-divider--view-line elementor-widget elementor-widget-divider\" data-id=\"222f2fb\" data-element_type=\"widget\" data-widget_type=\"divider.default\">\n\t\t\t\t<div class=\"elementor-widget-container\">\n\t\t\t\t\t\t\t<div class=\"elementor-divider\">\n\t\t\t<span class=\"elementor-divider-separator\">\n\t\t\t\t\t\t<\/span>\n\t\t<\/div>\n\t\t\t\t\t\t<\/div>\n\t\t\t\t<\/div>\n\t\t\t\t<div class=\"elementor-element elementor-element-dfd3a61 elementor-widget elementor-widget-heading\" data-id=\"dfd3a61\" data-element_type=\"widget\" data-widget_type=\"heading.default\">\n\t\t\t\t<div class=\"elementor-widget-container\">\n\t\t\t\t\t<h2 class=\"elementor-heading-title elementor-size-default\">Julia Kuismin-Raerinne<\/h2>\t\t\t\t<\/div>\n\t\t\t\t<\/div>\n\t\t\t\t<div class=\"elementor-element elementor-element-163851d elementor-widget elementor-widget-text-editor\" data-id=\"163851d\" data-element_type=\"widget\" data-widget_type=\"text-editor.default\">\n\t\t\t\t<div class=\"elementor-widget-container\">\n\t\t\t\t\t\t\t\t\t<p>Julia on OTM Luvan saanut oikeudenk\u00e4yntiavustaja<\/p><p>Julia on suorittanut OTM-tutkinnon Helsingin yliopistosta. H\u00e4nen erikoisalaansa ovat sosiaalioikeus, maahanmuuttooikeus, hallintooikeus, rikosoikeus ja perheoikeus. Lis\u00e4ksi h\u00e4nell\u00e4 on laaja asiantuntemus yritysoikeudellisista asioista.<\/p><p>H\u00e4n ymm\u00e4rt\u00e4\u00e4 monimutkaisten juridisten tilanteiden henkil\u00f6kohtaiset vaikutukset ja pyrkii tarjoamaan asiakkaille selkeit\u00e4 ja k\u00e4yt\u00e4nn\u00f6llisi\u00e4 ratkaisuja. Julia on vahvasti sitoutunut parantamaan oikeudenmukaisuutta ja tasa-arvoa erityisesti yhteiskuntamme heikoimmassa asemassa olevien ihmisten osalta.<\/p>\t\t\t\t\t\t\t\t<\/div>\n\t\t\t\t<\/div>\n\t\t\t\t\t<\/div>\n\t\t<\/div>\n\t\t\t\t<div class=\"elementor-column elementor-col-50 elementor-top-column elementor-element elementor-element-601d755\" data-id=\"601d755\" data-element_type=\"column\">\n\t\t\t<div class=\"elementor-widget-wrap elementor-element-populated\">\n\t\t\t\t\t\t<div class=\"elementor-element elementor-element-5207d24 elementor-widget__width-initial elementor-widget elementor-widget-image\" data-id=\"5207d24\" data-element_type=\"widget\" data-widget_type=\"image.default\">\n\t\t\t\t<div class=\"elementor-widget-container\">\n\t\t\t\t\t\t\t\t\t\t\t\t<figure class=\"wp-caption\">\n\t\t\t\t\t\t\t\t\t\t<img decoding=\"async\" width=\"539\" height=\"747\" src=\"https:\/\/nordiclex.com\/wp-content\/uploads\/2024\/04\/julia.jpeg\" class=\"attachment-full size-full wp-image-1274\" alt=\"\" srcset=\"https:\/\/nordiclex.com\/wp-content\/uploads\/2024\/04\/julia.jpeg 539w, https:\/\/nordiclex.com\/wp-content\/uploads\/2024\/04\/julia-216x300.jpeg 216w, https:\/\/nordiclex.com\/wp-content\/uploads\/2024\/04\/julia-9x12.jpeg 9w\" sizes=\"(max-width: 539px) 100vw, 539px\" \/>\t\t\t\t\t\t\t\t\t\t\t<figcaption class=\"widget-image-caption wp-caption-text\">Julia Kuismin-Raerinne<\/figcaption>\n\t\t\t\t\t\t\t\t\t\t<\/figure>\n\t\t\t\t\t\t\t\t\t<\/div>\n\t\t\t\t<\/div>\n\t\t\t\t\t<\/div>\n\t\t<\/div>\n\t\t\t\t\t<\/div>\n\t\t<\/section>\n\t\t\t\t<\/div>","protected":false},"excerpt":{"rendered":"<p>Our Mission Our Mission Our team\u2019s mission is to forward fundamental and human rights and assure access to justice for all regardless of nationality, social standing or gender. Our work is guided by actual values, including equality, justice, humanity, and solidarity. These values are crucial when developing sustainable growth inside a society. Mainly the principle [&hellip;]<\/p>","protected":false},"author":1,"featured_media":0,"parent":0,"menu_order":0,"comment_status":"closed","ping_status":"closed","template":"","meta":{"site-sidebar-layout":"no-sidebar","site-content-layout":"page-builder","ast-site-content-layout":"full-width-container","site-content-style":"unboxed","site-sidebar-style":"unboxed","ast-global-header-display":"","ast-banner-title-visibility":"","ast-main-header-display":"","ast-hfb-above-header-display":"","ast-hfb-below-header-display":"","ast-hfb-mobile-header-display":"","site-post-title":"disabled","ast-breadcrumbs-content":"disabled","ast-featured-img":"disabled","footer-sml-layout":"","theme-transparent-header-meta":"enabled","adv-header-id-meta":"","stick-header-meta":"","header-above-stick-meta":"","header-main-stick-meta":"","header-below-stick-meta":"","astra-migrate-meta-layouts":"set","ast-page-background-enabled":"default","ast-page-background-meta":{"desktop":{"background-color":"","background-image":"","background-repeat":"repeat","background-position":"center center","background-size":"auto","background-attachment":"scroll","background-type":"","background-media":"","overlay-type":"","overlay-color":"","overlay-opacity":"","overlay-gradient":""},"tablet":{"background-color":"","background-image":"","background-repeat":"repeat","background-position":"center center","background-size":"auto","background-attachment":"scroll","background-type":"","background-media":"","overlay-type":"","overlay-color":"","overlay-opacity":"","overlay-gradient":""},"mobile":{"background-color":"","background-image":"","background-repeat":"repeat","background-position":"center center","background-size":"auto","background-attachment":"scroll","background-type":"","background-media":"","overlay-type":"","overlay-color":"","overlay-opacity":"","overlay-gradient":""}},"ast-content-background-meta":{"desktop":{"background-color":"var(--ast-global-color-5)","background-image":"","background-repeat":"repeat","background-position":"center center","background-size":"auto","background-attachment":"scroll","background-type":"","background-media":"","overlay-type":"","overlay-color":"","overlay-opacity":"","overlay-gradient":""},"tablet":{"background-color":"var(--ast-global-color-5)","background-image":"","background-repeat":"repeat","background-position":"center center","background-size":"auto","background-attachment":"scroll","background-type":"","background-media":"","overlay-type":"","overlay-color":"","overlay-opacity":"","overlay-gradient":""},"mobile":{"background-color":"var(--ast-global-color-5)","background-image":"","background-repeat":"repeat","background-position":"center center","background-size":"auto","background-attachment":"scroll","background-type":"","background-media":"","overlay-type":"","overlay-color":"","overlay-opacity":"","overlay-gradient":""}},"footnotes":""},"class_list":["post-1009","page","type-page","status-publish","hentry"],"_links":{"self":[{"href":"https:\/\/nordiclex.com\/fi\/wp-json\/wp\/v2\/pages\/1009","targetHints":{"allow":["GET"]}}],"collection":[{"href":"https:\/\/nordiclex.com\/fi\/wp-json\/wp\/v2\/pages"}],"about":[{"href":"https:\/\/nordiclex.com\/fi\/wp-json\/wp\/v2\/types\/page"}],"author":[{"embeddable":true,"href":"https:\/\/nordiclex.com\/fi\/wp-json\/wp\/v2\/users\/1"}],"replies":[{"embeddable":true,"href":"https:\/\/nordiclex.com\/fi\/wp-json\/wp\/v2\/comments?post=1009"}],"version-history":[{"count":67,"href":"https:\/\/nordiclex.com\/fi\/wp-json\/wp\/v2\/pages\/1009\/revisions"}],"predecessor-version":[{"id":1287,"href":"https:\/\/nordiclex.com\/fi\/wp-json\/wp\/v2\/pages\/1009\/revisions\/1287"}],"wp:attachment":[{"href":"https:\/\/nordiclex.com\/fi\/wp-json\/wp\/v2\/media?parent=1009"}],"curies":[{"name":"wp","href":"https:\/\/api.w.org\/{rel}","templated":true}]}}