{"id":833,"date":"2021-03-05T20:10:52","date_gmt":"2021-03-05T20:10:52","guid":{"rendered":"https:\/\/nordiclex.com\/practice-areas\/"},"modified":"2024-09-11T23:23:06","modified_gmt":"2024-09-11T20:23:06","slug":"legal_services","status":"publish","type":"page","link":"https:\/\/nordiclex.com\/fi\/legal_services\/","title":{"rendered":"Palvelut"},"content":{"rendered":"<div data-elementor-type=\"wp-page\" data-elementor-id=\"833\" class=\"elementor elementor-833\">\n\t\t\t\t\t\t<section class=\"elementor-section elementor-top-section elementor-element elementor-element-6d9a90b elementor-section-height-min-height elementor-section-boxed elementor-section-height-default elementor-section-items-middle\" data-id=\"6d9a90b\" data-element_type=\"section\" data-settings=\"{&quot;background_background&quot;:&quot;classic&quot;}\">\n\t\t\t\t\t\t\t<div class=\"elementor-background-overlay\"><\/div>\n\t\t\t\t\t\t\t<div class=\"elementor-container elementor-column-gap-no\">\n\t\t\t\t\t<div class=\"elementor-column elementor-col-100 elementor-top-column elementor-element elementor-element-2eebc89\" data-id=\"2eebc89\" data-element_type=\"column\">\n\t\t\t<div class=\"elementor-widget-wrap elementor-element-populated\">\n\t\t\t\t\t\t<div class=\"elementor-element elementor-element-983859b elementor-widget-divider--view-line elementor-widget elementor-widget-divider\" data-id=\"983859b\" data-element_type=\"widget\" data-widget_type=\"divider.default\">\n\t\t\t\t<div class=\"elementor-widget-container\">\n\t\t\t\t\t\t\t<div class=\"elementor-divider\">\n\t\t\t<span class=\"elementor-divider-separator\">\n\t\t\t\t\t\t<\/span>\n\t\t<\/div>\n\t\t\t\t\t\t<\/div>\n\t\t\t\t<\/div>\n\t\t\t\t<div class=\"elementor-element elementor-element-ea74c4b elementor-widget elementor-widget-heading\" data-id=\"ea74c4b\" data-element_type=\"widget\" data-widget_type=\"heading.default\">\n\t\t\t\t<div class=\"elementor-widget-container\">\n\t\t\t\t\t<h1 class=\"elementor-heading-title elementor-size-default\">Palvelut<\/h1>\t\t\t\t<\/div>\n\t\t\t\t<\/div>\n\t\t\t\t\t<\/div>\n\t\t<\/div>\n\t\t\t\t\t<\/div>\n\t\t<\/section>\n\t\t\t\t<section class=\"elementor-section elementor-top-section elementor-element elementor-element-9a92740 elementor-section-boxed elementor-section-height-default elementor-section-height-default\" data-id=\"9a92740\" data-element_type=\"section\" data-settings=\"{&quot;background_background&quot;:&quot;classic&quot;}\">\n\t\t\t\t\t\t<div class=\"elementor-container elementor-column-gap-no\">\n\t\t\t\t\t<div class=\"elementor-column elementor-col-100 elementor-top-column elementor-element elementor-element-7d6afba\" data-id=\"7d6afba\" data-element_type=\"column\">\n\t\t\t<div class=\"elementor-widget-wrap elementor-element-populated\">\n\t\t\t\t\t\t<div class=\"elementor-element elementor-element-2125245 elementor-widget-divider--view-line elementor-widget elementor-widget-divider\" data-id=\"2125245\" data-element_type=\"widget\" data-widget_type=\"divider.default\">\n\t\t\t\t<div class=\"elementor-widget-container\">\n\t\t\t\t\t\t\t<div class=\"elementor-divider\">\n\t\t\t<span class=\"elementor-divider-separator\">\n\t\t\t\t\t\t<\/span>\n\t\t<\/div>\n\t\t\t\t\t\t<\/div>\n\t\t\t\t<\/div>\n\t\t\t\t<div class=\"elementor-element elementor-element-a6727de elementor-widget elementor-widget-heading\" data-id=\"a6727de\" data-element_type=\"widget\" data-widget_type=\"heading.default\">\n\t\t\t\t<div class=\"elementor-widget-container\">\n\t\t\t\t\t<h2 class=\"elementor-heading-title elementor-size-default\">Palvelut<\/h2>\t\t\t\t<\/div>\n\t\t\t\t<\/div>\n\t\t\t\t<div class=\"elementor-element elementor-element-e99581c elementor-widget elementor-widget-text-editor\" data-id=\"e99581c\" data-element_type=\"widget\" data-widget_type=\"text-editor.default\">\n\t\t\t\t<div class=\"elementor-widget-container\">\n\t\t\t\t\t\t\t\t\t<p>Lakimiehemme tarjoavat kattavaa ja osaavaa oikeudellista apua odottamattomiin ja monimutkaisiin juridisiin ongelmiin. P\u00e4tev\u00e4 tiimimme arvioi tilanteenne ja luo asianmukaisen toimintasuunnitelman nopeasti ja kustannustehokkaasti.<\/p>\t\t\t\t\t\t\t\t<\/div>\n\t\t\t\t<\/div>\n\t\t\t\t<div class=\"elementor-element elementor-element-2610dd2 elementor-widget elementor-widget-text-editor\" data-id=\"2610dd2\" data-element_type=\"widget\" data-widget_type=\"text-editor.default\">\n\t\t\t\t<div class=\"elementor-widget-container\">\n\t\t\t\t\t\t\t\t\t<p>Selvit\u00e4mme lis\u00e4ksi oikeutesi maksuttomaan oikeusapuun tai osittaiseen tai t\u00e4yteen korvaukseen vakuutuksesta. Olemme tottuneet ty\u00f6skentelem\u00e4\u00e4n monikulttuurisessa ymp\u00e4rist\u00f6ss\u00e4.<\/p>\t\t\t\t\t\t\t\t<\/div>\n\t\t\t\t<\/div>\n\t\t\t\t<div class=\"elementor-element elementor-element-12708b1 elementor-widget elementor-widget-text-editor\" data-id=\"12708b1\" data-element_type=\"widget\" data-widget_type=\"text-editor.default\">\n\t\t\t\t<div class=\"elementor-widget-container\">\n\t\t\t\t\t\t\t\t\t<p>Kokemuksemme antaa meille mahdollisuuden hoitaa teht\u00e4v\u00e4mme nopeasti ja tehokkaasti sek\u00e4 l\u00f6yt\u00e4\u00e4 yksil\u00f6llisi\u00e4 ratkaisuja monimutkaisiin ongelmiin EU:n ja muissa maissa sovellettavan lains\u00e4\u00e4d\u00e4nn\u00f6n puitteissa<\/p>\t\t\t\t\t\t\t\t<\/div>\n\t\t\t\t<\/div>\n\t\t\t\t<div class=\"elementor-element elementor-element-d78068f elementor-widget elementor-widget-text-editor\" data-id=\"d78068f\" data-element_type=\"widget\" data-widget_type=\"text-editor.default\">\n\t\t\t\t<div class=\"elementor-widget-container\">\n\t\t\t\t\t\t\t\t\t<p>Viisumin, oleskeluluvan, ty\u00f6luvan tai toisen kansalaisuuden hakeminen; Yrityskaupan due diligence<\/p>\t\t\t\t\t\t\t\t<\/div>\n\t\t\t\t<\/div>\n\t\t\t\t<div class=\"elementor-element elementor-element-5256565 elementor-widget elementor-widget-text-editor\" data-id=\"5256565\" data-element_type=\"widget\" data-widget_type=\"text-editor.default\">\n\t\t\t\t<div class=\"elementor-widget-container\">\n\t\t\t\t\t\t\t\t\t<p>Toimeksiannon alussa selvit\u00e4mme kattaako asiakkaamme oikeusturvavakuutus v\u00e4ltt\u00e4m\u00e4tt\u00f6m\u00e4t oikeudelliset kustannukset<\/p>\t\t\t\t\t\t\t\t<\/div>\n\t\t\t\t<\/div>\n\t\t\t\t<section class=\"elementor-section elementor-inner-section elementor-element elementor-element-f3a2c22 elementor-section-boxed elementor-section-height-default elementor-section-height-default\" data-id=\"f3a2c22\" data-element_type=\"section\">\n\t\t\t\t\t\t<div class=\"elementor-container elementor-column-gap-no\">\n\t\t\t\t\t<div class=\"elementor-column elementor-col-50 elementor-inner-column elementor-element elementor-element-be51ca6\" data-id=\"be51ca6\" data-element_type=\"column\" data-settings=\"{&quot;background_background&quot;:&quot;classic&quot;}\">\n\t\t\t<div class=\"elementor-widget-wrap elementor-element-populated\">\n\t\t\t\t\t\t<div class=\"elementor-element elementor-element-be70d76 elementor-view-default elementor-position-top elementor-mobile-position-top elementor-widget elementor-widget-icon-box\" data-id=\"be70d76\" data-element_type=\"widget\" data-widget_type=\"icon-box.default\">\n\t\t\t\t<div class=\"elementor-widget-container\">\n\t\t\t\t\t\t\t<div class=\"elementor-icon-box-wrapper\">\n\n\t\t\t\t\t\t<div class=\"elementor-icon-box-icon\">\n\t\t\t\t<span  class=\"elementor-icon\">\n\t\t\t\t<i aria-hidden=\"true\" class=\"fas fa-globe-americas\"><\/i>\t\t\t\t<\/span>\n\t\t\t<\/div>\n\t\t\t\n\t\t\t\t\t\t<div class=\"elementor-icon-box-content\">\n\n\t\t\t\t\t\t\t\t\t<h4 class=\"elementor-icon-box-title\">\n\t\t\t\t\t\t<span  >\n\t\t\t\t\t\t\tUlkomaalaisasiat\t\t\t\t\t\t<\/span>\n\t\t\t\t\t<\/h4>\n\t\t\t\t\n\t\t\t\t\t\t\t\t\t<p class=\"elementor-icon-box-description\">\n\t\t\t\t\t\tLakimiehill\u00e4mme on vankka kokemus kansainv\u00e4lisist\u00e4 ja hallinnollisista asioista. Avustamme maahanmuuttoon liittyviss\u00e4 asioissa. Autamme asiakkaitamme muun muassa ty\u00f6luvissa, turvapaikka-asioissa, karkottamis- ja k\u00e4\u00e4nnytt\u00e4misasioissa, perheenyhdist\u00e4misess\u00e4 ja kansalaisuushakemuksissa. Lis\u00e4ksi tarjoamme yleisluontoista ja asiantuntevaa lainopillista neuvontaa kansainv\u00e4lisiss\u00e4 asioissa.\t\t\t\t\t<\/p>\n\t\t\t\t\n\t\t\t<\/div>\n\t\t\t\n\t\t<\/div>\n\t\t\t\t\t\t<\/div>\n\t\t\t\t<\/div>\n\t\t\t\t\t<\/div>\n\t\t<\/div>\n\t\t\t\t<div class=\"elementor-column elementor-col-50 elementor-inner-column elementor-element elementor-element-0cca8ee\" data-id=\"0cca8ee\" data-element_type=\"column\" data-settings=\"{&quot;background_background&quot;:&quot;classic&quot;}\">\n\t\t\t<div class=\"elementor-widget-wrap elementor-element-populated\">\n\t\t\t\t\t\t<div class=\"elementor-element elementor-element-d3a1848 elementor-view-default elementor-position-top elementor-mobile-position-top elementor-widget elementor-widget-icon-box\" data-id=\"d3a1848\" data-element_type=\"widget\" data-widget_type=\"icon-box.default\">\n\t\t\t\t<div class=\"elementor-widget-container\">\n\t\t\t\t\t\t\t<div class=\"elementor-icon-box-wrapper\">\n\n\t\t\t\t\t\t<div class=\"elementor-icon-box-icon\">\n\t\t\t\t<span  class=\"elementor-icon\">\n\t\t\t\t<i aria-hidden=\"true\" class=\"fas fa-people-arrows\"><\/i>\t\t\t\t<\/span>\n\t\t\t<\/div>\n\t\t\t\n\t\t\t\t\t\t<div class=\"elementor-icon-box-content\">\n\n\t\t\t\t\t\t\t\t\t<h4 class=\"elementor-icon-box-title\">\n\t\t\t\t\t\t<span  >\n\t\t\t\t\t\t\tTy\u00f6oikeus\t\t\t\t\t\t<\/span>\n\t\t\t\t\t<\/h4>\n\t\t\t\t\n\t\t\t\t\t\t\t\t\t<p class=\"elementor-icon-box-description\">\n\t\t\t\t\t\tTy\u00f6nantajan ja ty\u00f6ntekij\u00e4n v\u00e4lisen suhteen pohjana tulisi olla molemminpuolinen kunnioitus ja yhteisty\u00f6kyky. Valitettavasti perusteettomat irtisanomiset, ylity\u00f6korvauksien maksamatta j\u00e4tt\u00e4minen ja m\u00e4\u00e4r\u00e4aikaisten ty\u00f6sopimusten ketjuttaminen ovat todellisia ongelmia monilla ty\u00f6paikoilla. Oikeusj\u00e4rjestelm\u00e4 suojelee ty\u00f6ntekij\u00f6it\u00e4 monin eri tavoin, mutta ty\u00f6ntekij\u00e4t eiv\u00e4t usein ole tarpeeksi tietoisia oikeuksistaan ajaakseen niit\u00e4.\n \nSuomalaisessa ty\u00f6el\u00e4m\u00e4ss\u00e4 on monia pelis\u00e4\u00e4nt\u00f6j\u00e4, joita niin ty\u00f6ntekij\u00e4n kuin ty\u00f6nantajankin on noudatettava. Lains\u00e4\u00e4d\u00e4nt\u00f6 ja ammattiliittojen ty\u00f6ehtosopimukset m\u00e4\u00e4rittelev\u00e4t minimipalkan, ty\u00f6ajat, lomat, sairasp\u00e4iv\u00e4korvaukset, sek\u00e4 irtisanomisehdot. Avustamme keskikokoisia ja pieni\u00e4 yrityksi\u00e4, ty\u00f6ntekij\u00f6it\u00e4, ja ty\u00f6nantajia ty\u00f6sopimuksissa ja kaikissa ty\u00f6suhdeasioissa. \t\t\t\t\t<\/p>\n\t\t\t\t\n\t\t\t<\/div>\n\t\t\t\n\t\t<\/div>\n\t\t\t\t\t\t<\/div>\n\t\t\t\t<\/div>\n\t\t\t\t\t<\/div>\n\t\t<\/div>\n\t\t\t\t\t<\/div>\n\t\t<\/section>\n\t\t\t\t<section class=\"elementor-section elementor-inner-section elementor-element elementor-element-3cb52f8 elementor-section-boxed elementor-section-height-default elementor-section-height-default\" data-id=\"3cb52f8\" data-element_type=\"section\">\n\t\t\t\t\t\t<div class=\"elementor-container elementor-column-gap-no\">\n\t\t\t\t\t<div class=\"elementor-column elementor-col-100 elementor-inner-column elementor-element elementor-element-af9cb33\" data-id=\"af9cb33\" data-element_type=\"column\" data-settings=\"{&quot;background_background&quot;:&quot;classic&quot;}\">\n\t\t\t<div class=\"elementor-widget-wrap elementor-element-populated\">\n\t\t\t\t\t\t<div class=\"elementor-element elementor-element-cdb4eeb elementor-view-default elementor-position-top elementor-mobile-position-top elementor-widget elementor-widget-icon-box\" data-id=\"cdb4eeb\" data-element_type=\"widget\" data-widget_type=\"icon-box.default\">\n\t\t\t\t<div class=\"elementor-widget-container\">\n\t\t\t\t\t\t\t<div class=\"elementor-icon-box-wrapper\">\n\n\t\t\t\t\t\t<div class=\"elementor-icon-box-icon\">\n\t\t\t\t<span  class=\"elementor-icon\">\n\t\t\t\t<i aria-hidden=\"true\" class=\"fas fa-gavel\"><\/i>\t\t\t\t<\/span>\n\t\t\t<\/div>\n\t\t\t\n\t\t\t\t\t\t<div class=\"elementor-icon-box-content\">\n\n\t\t\t\t\t\t\t\t\t<h4 class=\"elementor-icon-box-title\">\n\t\t\t\t\t\t<span  >\n\t\t\t\t\t\t\tIT-laki ja tietosuoja\t\t\t\t\t\t<\/span>\n\t\t\t\t\t<\/h4>\n\t\t\t\t\n\t\t\t\t\t\t\t\t\t<p class=\"elementor-icon-box-description\">\n\t\t\t\t\t\tNykyp\u00e4iv\u00e4n digitaaliaikana IT-lains\u00e4\u00e4d\u00e4nn\u00f6n monimutkaisuus ja vankan tietosuojan varmistaminen on ensisijaisen t\u00e4rke\u00e4\u00e4 sek\u00e4 yrityksille ett\u00e4 yksityishenkil\u00f6ille. Nordiclexiss\u00e4 olemme erikoistuneet tarjoamaan asiantuntija-apua koskien IT-lains\u00e4\u00e4d\u00e4nt\u00f6\u00e4, jotka kattavat ohjelmisto- ja laitteistoasetuksia, s\u00e4hk\u00f6ist\u00e4 kaupank\u00e4ynti\u00e4, sek\u00e4 digitaalisia sopimuksia. Lis\u00e4ksi tietosuojaan keskittyv\u00e4n painopisteen kasvaessa maailmanlaajuisesti me autamme asiakkaitamme ymm\u00e4rt\u00e4m\u00e4\u00e4n ja noudattamaan tietosuojam\u00e4\u00e4r\u00e4yksi\u00e4, sek\u00e4 varmistamaan, ett\u00e4 henkil\u00f6kohtaisia ja arkaluonteisia tietoja k\u00e4sitell\u00e4\u00e4n \u00e4\u00e4rimm\u00e4isell\u00e4 huolella ja turvallisesti. Meid\u00e4n tiimimme Nordiclexiss\u00e4 voi auttaa muun muassa tietosuojak\u00e4yt\u00e4nt\u00f6jen laatimisessa ja tarkistamisessa, neuvoa tietosuojaloukkauksissa, sek\u00e4 varmistaa ett\u00e4 GDPR:\u00e4\u00e4 noudatetaan. Kuten my\u00f6s meid\u00e4n muillakin osaamisalueillamme l\u00e4hestymistapamme perustuu syv\u00e4lliseen ymm\u00e4rt\u00e4miseen juridisesta ymp\u00e4rist\u00f6st\u00e4, sek\u00e4 IT-alan yritysten kohtaamista k\u00e4yt\u00e4nn\u00f6n haasteista.\t\t\t\t\t<\/p>\n\t\t\t\t\n\t\t\t<\/div>\n\t\t\t\n\t\t<\/div>\n\t\t\t\t\t\t<\/div>\n\t\t\t\t<\/div>\n\t\t\t\t\t<\/div>\n\t\t<\/div>\n\t\t\t\t\t<\/div>\n\t\t<\/section>\n\t\t\t\t<section class=\"elementor-section elementor-inner-section elementor-element elementor-element-ace9ab7 elementor-section-boxed elementor-section-height-default elementor-section-height-default\" data-id=\"ace9ab7\" data-element_type=\"section\">\n\t\t\t\t\t\t<div class=\"elementor-container elementor-column-gap-no\">\n\t\t\t\t\t<div class=\"elementor-column elementor-col-50 elementor-inner-column elementor-element elementor-element-0dc3c97\" data-id=\"0dc3c97\" data-element_type=\"column\" data-settings=\"{&quot;background_background&quot;:&quot;classic&quot;}\">\n\t\t\t<div class=\"elementor-widget-wrap elementor-element-populated\">\n\t\t\t\t\t\t<div class=\"elementor-element elementor-element-d3301be elementor-view-default elementor-position-top elementor-mobile-position-top elementor-widget elementor-widget-icon-box\" data-id=\"d3301be\" data-element_type=\"widget\" data-widget_type=\"icon-box.default\">\n\t\t\t\t<div class=\"elementor-widget-container\">\n\t\t\t\t\t\t\t<div class=\"elementor-icon-box-wrapper\">\n\n\t\t\t\t\t\t<div class=\"elementor-icon-box-icon\">\n\t\t\t\t<span  class=\"elementor-icon\">\n\t\t\t\t<i aria-hidden=\"true\" class=\"fas fa-record-vinyl\"><\/i>\t\t\t\t<\/span>\n\t\t\t<\/div>\n\t\t\t\n\t\t\t\t\t\t<div class=\"elementor-icon-box-content\">\n\n\t\t\t\t\t\t\t\t\t<h4 class=\"elementor-icon-box-title\">\n\t\t\t\t\t\t<span  >\n\t\t\t\t\t\t\tRikos- ja riita-asiat\t\t\t\t\t\t<\/span>\n\t\t\t\t\t<\/h4>\n\t\t\t\t\n\t\t\t\t\t\t\t\t\t<p class=\"elementor-icon-box-description\">\n\t\t\t\t\t\tLakimiehemme neuvovat ja opastavat sek\u00e4 rikoksen uhreja ett\u00e4 rikoksesta ep\u00e4iltyj\u00e4 tai muuten osallisia henkil\u00f6it\u00e4 rikosprosessuaalisissa asioissa esitutkinnan ja oikeudenk\u00e4yntien aikana. Lis\u00e4ksi avustamme asiakkaitamme kaikissa riita-asioissa ennen ja j\u00e4lkeen oikeudenk\u00e4ynnin. Asialliset ja p\u00e4tev\u00e4t asianajajamme auttavat asiakkaitamme l\u00f6yt\u00e4m\u00e4\u00e4n parhaan mahdollisen lopputuloksen neuvotteluvaiheessa, kun riitoja syntyy.\n\nVaikka avustamme kaikissa riita-asioissa ennen ja j\u00e4lkeen tuomioistuink\u00e4sittelyn, pyrimme riidanratkaisuprosessissa minimoimaan asiakkaamme kulut sopimalla asian mahdollisimman aikaisin. Kun sopimukseen ei p\u00e4\u00e4st\u00e4, avustamme asiakkaitamme asianmukaisten jatkotoimenpiteiden kanssa. Toimeksiannon alkuvaiheessa selvit\u00e4mme, voiko asiakkaamme kulut korvata vakuutuksen tai ilmaisen oikeusavun kautta. \n\t\t\t\t\t<\/p>\n\t\t\t\t\n\t\t\t<\/div>\n\t\t\t\n\t\t<\/div>\n\t\t\t\t\t\t<\/div>\n\t\t\t\t<\/div>\n\t\t\t\t\t<\/div>\n\t\t<\/div>\n\t\t\t\t<div class=\"elementor-column elementor-col-50 elementor-inner-column elementor-element elementor-element-3de73ae\" data-id=\"3de73ae\" data-element_type=\"column\" data-settings=\"{&quot;background_background&quot;:&quot;classic&quot;}\">\n\t\t\t<div class=\"elementor-widget-wrap elementor-element-populated\">\n\t\t\t\t\t\t<div class=\"elementor-element elementor-element-6f8353f elementor-view-default elementor-position-top elementor-mobile-position-top elementor-widget elementor-widget-icon-box\" data-id=\"6f8353f\" data-element_type=\"widget\" data-widget_type=\"icon-box.default\">\n\t\t\t\t<div class=\"elementor-widget-container\">\n\t\t\t\t\t\t\t<div class=\"elementor-icon-box-wrapper\">\n\n\t\t\t\t\t\t<div class=\"elementor-icon-box-icon\">\n\t\t\t\t<span  class=\"elementor-icon\">\n\t\t\t\t<i aria-hidden=\"true\" class=\"fas fa-balance-scale\"><\/i>\t\t\t\t<\/span>\n\t\t\t<\/div>\n\t\t\t\n\t\t\t\t\t\t<div class=\"elementor-icon-box-content\">\n\n\t\t\t\t\t\t\t\t\t<h4 class=\"elementor-icon-box-title\">\n\t\t\t\t\t\t<span  >\n\t\t\t\t\t\t\tSopimus- ja yhti\u00f6oikeus\t\t\t\t\t\t<\/span>\n\t\t\t\t\t<\/h4>\n\t\t\t\t\n\t\t\t\t\t\t\t\t\t<p class=\"elementor-icon-box-description\">\n\t\t\t\t\t\tLaillisesti laaditut sopimukset ovat joka yrityksen perusta. N\u00e4in ollen laadimme asiantuntevasti kaikenlaisia sopimuksia yrityksille ja yksil\u00f6ille, esimerkiksi osto- ja vuokrasopimuksia sek\u00e4 ty\u00f6suhdesopimuksia. Lis\u00e4ksi asianajajamme voivat avustaa sopimusten k\u00e4\u00e4nt\u00e4misess\u00e4, riita-asioiden ratkaisemisessa, riitojen mahdollisessa sovittelussa, sek\u00e4 oikeuksiesi puolustamisessa laillisin keinoin.\n \nNeuvomme yrityksen perustamisessa sek\u00e4 tarjoamme yritysasiakkaillemme kattavia ja p\u00e4tevi\u00e4 lakipalveluita sopimusasioissa ja p\u00e4ivitt\u00e4isiss\u00e4 yritysasioissa, kuten osakassopimusten, ty\u00f6suhdeasioiden ja erilaisten yritysj\u00e4rjestelyjen kanssa. Asiakkaat arvostavat erityisesti k\u00e4yt\u00e4nn\u00f6n tuntemustamme yrityksen jokap\u00e4iv\u00e4isest\u00e4 toiminnasta. \n\t\t\t\t\t<\/p>\n\t\t\t\t\n\t\t\t<\/div>\n\t\t\t\n\t\t<\/div>\n\t\t\t\t\t\t<\/div>\n\t\t\t\t<\/div>\n\t\t\t\t\t<\/div>\n\t\t<\/div>\n\t\t\t\t\t<\/div>\n\t\t<\/section>\n\t\t\t\t<div class=\"elementor-element elementor-element-d84ec07 elementor-widget elementor-widget-text-editor\" data-id=\"d84ec07\" data-element_type=\"widget\" data-widget_type=\"text-editor.default\">\n\t\t\t\t<div class=\"elementor-widget-container\">\n\t\t\t\t\t\t\t\t\t<p>Palvelumaksumme ovat 200-250 euroa\/tunti ja hinnat sis\u00e4lt\u00e4v\u00e4t arvonlis\u00e4veron 25,5 %. Tiimimme arvioi tilanteesi ja laatii nopeasti sopivan ty\u00f6suunnitelman.<\/p>\t\t\t\t\t\t\t\t<\/div>\n\t\t\t\t<\/div>\n\t\t\t\t\t<\/div>\n\t\t<\/div>\n\t\t\t\t\t<\/div>\n\t\t<\/section>\n\t\t\t\t<\/div>","protected":false},"excerpt":{"rendered":"<p>Legal Services Legal Services Our lawyers will provide you with comprehensive and competent legal advice to solve unexpected and complex legal problems. Our team of professionals will evaluate your situation and swiftly create an appropriate action plan. We will also clarify your rights to free legal aid or partial or complete compensation for your insurance. [&hellip;]<\/p>","protected":false},"author":1,"featured_media":0,"parent":0,"menu_order":0,"comment_status":"closed","ping_status":"closed","template":"","meta":{"site-sidebar-layout":"default","site-content-layout":"page-builder","ast-site-content-layout":"default","site-content-style":"default","site-sidebar-style":"default","ast-global-header-display":"","ast-banner-title-visibility":"","ast-main-header-display":"","ast-hfb-above-header-display":"","ast-hfb-below-header-display":"","ast-hfb-mobile-header-display":"","site-post-title":"disabled","ast-breadcrumbs-content":"disabled","ast-featured-img":"disabled","footer-sml-layout":"","theme-transparent-header-meta":"enabled","adv-header-id-meta":"","stick-header-meta":"","header-above-stick-meta":"","header-main-stick-meta":"","header-below-stick-meta":"","astra-migrate-meta-layouts":"default","ast-page-background-enabled":"default","ast-page-background-meta":{"desktop":{"background-color":"","background-image":"","background-repeat":"repeat","background-position":"center center","background-size":"auto","background-attachment":"scroll","background-type":"","background-media":"","overlay-type":"","overlay-color":"","overlay-opacity":"","overlay-gradient":""},"tablet":{"background-color":"","background-image":"","background-repeat":"repeat","background-position":"center center","background-size":"auto","background-attachment":"scroll","background-type":"","background-media":"","overlay-type":"","overlay-color":"","overlay-opacity":"","overlay-gradient":""},"mobile":{"background-color":"","background-image":"","background-repeat":"repeat","background-position":"center center","background-size":"auto","background-attachment":"scroll","background-type":"","background-media":"","overlay-type":"","overlay-color":"","overlay-opacity":"","overlay-gradient":""}},"ast-content-background-meta":{"desktop":{"background-color":"var(--ast-global-color-5)","background-image":"","background-repeat":"repeat","background-position":"center center","background-size":"auto","background-attachment":"scroll","background-type":"","background-media":"","overlay-type":"","overlay-color":"","overlay-opacity":"","overlay-gradient":""},"tablet":{"background-color":"var(--ast-global-color-5)","background-image":"","background-repeat":"repeat","background-position":"center center","background-size":"auto","background-attachment":"scroll","background-type":"","background-media":"","overlay-type":"","overlay-color":"","overlay-opacity":"","overlay-gradient":""},"mobile":{"background-color":"var(--ast-global-color-5)","background-image":"","background-repeat":"repeat","background-position":"center center","background-size":"auto","background-attachment":"scroll","background-type":"","background-media":"","overlay-type":"","overlay-color":"","overlay-opacity":"","overlay-gradient":""}},"footnotes":""},"class_list":["post-833","page","type-page","status-publish","hentry"],"_links":{"self":[{"href":"https:\/\/nordiclex.com\/fi\/wp-json\/wp\/v2\/pages\/833","targetHints":{"allow":["GET"]}}],"collection":[{"href":"https:\/\/nordiclex.com\/fi\/wp-json\/wp\/v2\/pages"}],"about":[{"href":"https:\/\/nordiclex.com\/fi\/wp-json\/wp\/v2\/types\/page"}],"author":[{"embeddable":true,"href":"https:\/\/nordiclex.com\/fi\/wp-json\/wp\/v2\/users\/1"}],"replies":[{"embeddable":true,"href":"https:\/\/nordiclex.com\/fi\/wp-json\/wp\/v2\/comments?post=833"}],"version-history":[{"count":56,"href":"https:\/\/nordiclex.com\/fi\/wp-json\/wp\/v2\/pages\/833\/revisions"}],"predecessor-version":[{"id":1281,"href":"https:\/\/nordiclex.com\/fi\/wp-json\/wp\/v2\/pages\/833\/revisions\/1281"}],"wp:attachment":[{"href":"https:\/\/nordiclex.com\/fi\/wp-json\/wp\/v2\/media?parent=833"}],"curies":[{"name":"wp","href":"https:\/\/api.w.org\/{rel}","templated":true}]}}